{"id":2182,"date":"2021-08-13T16:57:35","date_gmt":"2021-08-13T13:57:35","guid":{"rendered":"https:\/\/turkarkeolojienstitusu.org\/i-milli-arkeoloji-surasi-toplaniyor\/"},"modified":"2021-08-13T16:57:35","modified_gmt":"2021-08-13T13:57:35","slug":"i-milli-arkeoloji-surasi-toplaniyor","status":"publish","type":"page","link":"https:\/\/turkarkeolojienstitusu.org\/en\/i-milli-arkeoloji-surasi-toplaniyor\/","title":{"rendered":"I. Milli Arkeoloji \u015euras\u0131 Toplan\u0131yor..."},"content":{"rendered":"<ol>\n<li>Milli Arkeoloji \u015euras\u0131 Toplan\u0131yor...<\/li>\n<\/ol>\n","protected":false},"excerpt":{"rendered":"<p>Milli Arkeoloji \u015euras\u0131 Toplan\u0131yor...<\/p>\n","protected":false},"author":2,"featured_media":2183,"parent":0,"menu_order":0,"comment_status":"closed","ping_status":"closed","template":"","meta":{"inline_featured_image":false},"_links":{"self":[{"href":"https:\/\/turkarkeolojienstitusu.org\/en\/wp-json\/wp\/v2\/pages\/2182"}],"collection":[{"href":"https:\/\/turkarkeolojienstitusu.org\/en\/wp-json\/wp\/v2\/pages"}],"about":[{"href":"https:\/\/turkarkeolojienstitusu.org\/en\/wp-json\/wp\/v2\/types\/page"}],"author":[{"embeddable":true,"href":"https:\/\/turkarkeolojienstitusu.org\/en\/wp-json\/wp\/v2\/users\/2"}],"replies":[{"embeddable":true,"href":"https:\/\/turkarkeolojienstitusu.org\/en\/wp-json\/wp\/v2\/comments?post=2182"}],"version-history":[{"count":0,"href":"https:\/\/turkarkeolojienstitusu.org\/en\/wp-json\/wp\/v2\/pages\/2182\/revisions"}],"wp:featuredmedia":[{"embeddable":true,"href":"https:\/\/turkarkeolojienstitusu.org\/en\/wp-json\/wp\/v2\/media\/2183"}],"wp:attachment":[{"href":"https:\/\/turkarkeolojienstitusu.org\/en\/wp-json\/wp\/v2\/media?parent=2182"}],"curies":[{"name":"wp","href":"https:\/\/api.w.org\/{rel}","templated":true}]}}