{"id":2213,"date":"2021-02-17T16:53:35","date_gmt":"2021-02-17T13:53:35","guid":{"rendered":"https:\/\/turkarkeolojienstitusu.org\/egitim-2\/"},"modified":"2022-09-05T16:28:18","modified_gmt":"2022-09-05T13:28:18","slug":"egitim","status":"publish","type":"page","link":"https:\/\/turkarkeolojienstitusu.org\/en\/egitim\/","title":{"rendered":"E\u011fitim"},"content":{"rendered":"<h3 style=\"text-align: center;\">T\u00fcrk Arkeoloji ve K\u00fclt\u00fcrel Miras Enstit\u00fcs\u00fc E\u011fitim Programlar\u0131<\/h3>\n<p><img loading=\"lazy\" class=\"size-full wp-image-4761 aligncenter\" src=\"https:\/\/turkarkeolojienstitusu.org\/wp-content\/uploads\/2022\/09\/x2-kopyasi.jpg\" alt=\"\" width=\"1430\" height=\"386\" srcset=\"https:\/\/turkarkeolojienstitusu.org\/wp-content\/uploads\/2022\/09\/x2-kopyasi.jpg 1430w, https:\/\/turkarkeolojienstitusu.org\/wp-content\/uploads\/2022\/09\/x2-kopyasi-300x81.jpg 300w, https:\/\/turkarkeolojienstitusu.org\/wp-content\/uploads\/2022\/09\/x2-kopyasi-1024x276.jpg 1024w, https:\/\/turkarkeolojienstitusu.org\/wp-content\/uploads\/2022\/09\/x2-kopyasi-768x207.jpg 768w\" sizes=\"(max-width: 1430px) 100vw, 1430px\" \/><\/p>\n<h3 style=\"text-align: center;\"><a href=\"https:\/\/turkarkeolojienstitusu.org\/egitim\/enstitu-personel-egitimleri\/\" target=\"_blank\" rel=\"noopener\">Enstit\u00fc Personeli E\u011fitimleri<\/a><\/h3>\n<h3 style=\"text-align: center;\"><a href=\"https:\/\/turkarkeolojienstitusu.org\/egitim\/kamu-personeli-egitimleri\/\" target=\"_blank\" rel=\"noopener\">Kamu Personeli E\u011fitimleri<\/a><\/h3>\n<h3 style=\"text-align: center;\"><a href=\"https:\/\/turkarkeolojienstitusu.org\/egitim\/sivil-toplum-egitimleri\/\" target=\"_blank\" rel=\"noopener\">Sivil Toplum E\u011fitimleri<\/a><\/h3>\n<h3 style=\"text-align: center;\"><a href=\"https:\/\/turkarkeolojienstitusu.org\/egitim\/sertifika-programlari\/\" target=\"_blank\" rel=\"noopener\">Sertifika Programlar\u0131<\/a><\/h3>\n","protected":false},"excerpt":{"rendered":"<p>T\u00fcrk Arkeoloji ve K\u00fclt\u00fcrel Miras Enstit\u00fcs\u00fc E\u011fitim Programlar\u0131 Enstit\u00fc Personeli [&hellip;]<\/p>\n","protected":false},"author":1,"featured_media":0,"parent":0,"menu_order":0,"comment_status":"closed","ping_status":"closed","template":"","meta":{"inline_featured_image":false},"_links":{"self":[{"href":"https:\/\/turkarkeolojienstitusu.org\/en\/wp-json\/wp\/v2\/pages\/2213"}],"collection":[{"href":"https:\/\/turkarkeolojienstitusu.org\/en\/wp-json\/wp\/v2\/pages"}],"about":[{"href":"https:\/\/turkarkeolojienstitusu.org\/en\/wp-json\/wp\/v2\/types\/page"}],"author":[{"embeddable":true,"href":"https:\/\/turkarkeolojienstitusu.org\/en\/wp-json\/wp\/v2\/users\/1"}],"replies":[{"embeddable":true,"href":"https:\/\/turkarkeolojienstitusu.org\/en\/wp-json\/wp\/v2\/comments?post=2213"}],"version-history":[{"count":3,"href":"https:\/\/turkarkeolojienstitusu.org\/en\/wp-json\/wp\/v2\/pages\/2213\/revisions"}],"predecessor-version":[{"id":4765,"href":"https:\/\/turkarkeolojienstitusu.org\/en\/wp-json\/wp\/v2\/pages\/2213\/revisions\/4765"}],"wp:attachment":[{"href":"https:\/\/turkarkeolojienstitusu.org\/en\/wp-json\/wp\/v2\/media?parent=2213"}],"curies":[{"name":"wp","href":"https:\/\/api.w.org\/{rel}","templated":true}]}}