{"id":2250,"date":"2021-02-17T15:10:02","date_gmt":"2021-02-17T12:10:02","guid":{"rendered":"https:\/\/turkarkeolojienstitusu.org\/ana-sayfa\/"},"modified":"2022-06-13T22:30:26","modified_gmt":"2022-06-13T19:30:26","slug":"ana-sayfa","status":"publish","type":"page","link":"https:\/\/turkarkeolojienstitusu.org\/en\/","title":{"rendered":"Home"},"content":{"rendered":"<section id=\"section-960-26\" class=\" ct-section\" ><div class=\"ct-section-inner-wrap\"><div id=\"new_columns-962-26\" class=\"ct-new-columns\" ><div id=\"div_block-963-26\" class=\"ct-div-block\" ><div id=\"div_block-1282-26\" class=\"ct-div-block oxel_dynamicslider\" ><div id=\"code_block-1283-26\" class=\"ct-code-block\" ><link rel=\"stylesheet\" href=\"https:\/\/cdnjs.cloudflare.com\/ajax\/libs\/Swiper\/5.4.5\/css\/swiper.min.css\" \/>\n\n<script src=\"https:\/\/cdnjs.cloudflare.com\/ajax\/libs\/Swiper\/5.4.5\/js\/swiper.min.js\"><\/script>\n\n<!-- Instructions\n\nThe Dynamic Slider is a Repeater wrapped in a swiper.js container.\n\nTo edit the query for the slider, find Dynamic Slider > Slider Container > Repeater in the\nStructure Pane. You can then manipulate the Repeater via the Properties Pane.\n\nYou can add or remove dynamic data elements to the Repeater Div to change the leyout. Note that you'll\nonly see the first item in the builder preview, but on the front end all items matching the Repeater\nquery will be returned as slides.\n\n--><\/div><div id=\"div_block-1284-26\" class=\"ct-div-block swiper-container oxel_dynamicslider__container\" ><div id=\"_dynamic_list-1285-26\"  class=\"oxy-dynamic-list swiper-wrapper\"  ><div id=\"div_block-1286-26\" class=\"ct-div-block swiper-slide\" style=\"background-image:linear-gradient(rgba(55,64,71,0.3), rgba(55,64,71,0.3)), url(https:\/\/turkarkeolojienstitusu.org\/wp-content\/uploads\/2021\/09\/Arkeometri-Laboratuvarina-Sahip-22Ilk-Enstitu22.png);background-size:auto,  cover;\" ><a id=\"link-1291-26\" class=\"ct-link\" href=\"https:\/\/turkarkeolojienstitusu.org\/en\/populer-en\/arkeometri-laboratuvarina-sahip-ilk-enstitu-2\/\" target=\"_self\"  ><h4 id=\"headline-1287-26\" class=\"ct-headline\"><span id=\"span-1288-26\" class=\"ct-span\" >Arkeometri Laboratuvar\u0131na Sahip \"\u0130lk Enstit\u00fc\"<\/span><\/h4><\/a><\/div><div id=\"div_block-1286-26\" class=\"ct-div-block swiper-slide\" style=\"background-image:linear-gradient(rgba(55,64,71,0.3), rgba(55,64,71,0.3)), url(https:\/\/turkarkeolojienstitusu.org\/wp-content\/uploads\/2021\/08\/Turk-Arkeoloji-ve-Kulturel-Miras-Enstitusu-Kuruluyor-1.png);background-size:auto,  cover;\" ><a id=\"link-1291-26\" class=\"ct-link\" href=\"https:\/\/turkarkeolojienstitusu.org\/en\/populer-en\/turk-arkeoloji-ve-kulturel-miras-enstitusu-kuruluyor-2\/\" target=\"_self\"  ><h4 id=\"headline-1287-26\" class=\"ct-headline\"><span id=\"span-1288-26\" class=\"ct-span\" >T\u00fcrk Arkeoloji ve K\u00fclt\u00fcrel Miras Enstit\u00fcs\u00fc Kuruluyor<\/span><\/h4><\/a><\/div>                    \n                                            \n                                        \n                    <\/div><\/div><\/div><\/div><div id=\"div_block-964-26\" class=\"ct-div-block\" ><div id=\"_dynamic_list-1368-26\"  class=\"oxy-dynamic-list\"  ><div id=\"div_block-1369-26\" class=\"ct-div-block\" ><a id=\"link-1408-26\" class=\"ct-link\" href=\"https:\/\/turkarkeolojienstitusu.org\/en\/duyurular-en\/adalet-bakani-sn-abdulhamit-gul-turk-arkeoloji-ve-kulturel-miras-enstitusunu-ziyaret-etti\/\" target=\"_self\"  style=\"background-image:url(https:\/\/turkarkeolojienstitusu.org\/wp-content\/uploads\/2021\/09\/Adalet-Bakani-Sn.-Abdulhamit-Gul-Turk-Arkeoloji-ve-Kulturel-Miras-Enstitusunu-ziyaret-etti-1-300x200.jpg);background-size: cover;\" ><\/a><div id=\"div_block-1381-26\" class=\"ct-div-block\" ><h3 id=\"headline-1386-26\" class=\"ct-headline\"><span id=\"span-1402-26\" class=\"ct-span\" ><a href='https:\/\/turkarkeolojienstitusu.org\/en\/duyurular-en\/adalet-bakani-sn-abdulhamit-gul-turk-arkeoloji-ve-kulturel-miras-enstitusunu-ziyaret-etti\/'>Mr. Abdulhamit Gul, the Minister of Justice, visited the Turkish Archeology and Cultural Heritage Institute<\/a><\/span><\/h3><div id=\"text_block-1392-26\" class=\"ct-text-block\" ><span id=\"span-1397-26\" class=\"ct-span\" >16 May 2021<\/span><\/div><\/div><\/div><div id=\"div_block-1369-26\" class=\"ct-div-block\" ><a id=\"link-1408-26\" class=\"ct-link\" href=\"https:\/\/turkarkeolojienstitusu.org\/en\/duyurular-en\/avrupa-birligi-buyukelcisi-nikalaus-meyet-landrut-enstitu-calismalarini-yerinde-inceledi\/\" target=\"_self\"  style=\"background-image:url(https:\/\/turkarkeolojienstitusu.org\/wp-content\/uploads\/2021\/03\/AB-Buyukelcisi-Sn.-Nikolaus-Meyer-Landrut-Turk-Arkeoloji-ve-Kulturel-Miras-Enstitusunu-ziyaret-etti-300x200.jpg);background-size: cover;\" ><\/a><div id=\"div_block-1381-26\" class=\"ct-div-block\" ><h3 id=\"headline-1386-26\" class=\"ct-headline\"><span id=\"span-1402-26\" class=\"ct-span\" ><a href='https:\/\/turkarkeolojienstitusu.org\/en\/duyurular-en\/avrupa-birligi-buyukelcisi-nikalaus-meyet-landrut-enstitu-calismalarini-yerinde-inceledi\/'>Mr. Nikolaus Meyer-Landrut, the EU Ambassador, visited the Turkish Archeology and Cultural Heritage Institute<\/a><\/span><\/h3><div id=\"text_block-1392-26\" class=\"ct-text-block\" ><span id=\"span-1397-26\" class=\"ct-span\" >30 January 2021<\/span><\/div><\/div><\/div><div id=\"div_block-1369-26\" class=\"ct-div-block\" ><a id=\"link-1408-26\" class=\"ct-link\" href=\"https:\/\/turkarkeolojienstitusu.org\/en\/duyurular-en\/iki-yil-suren-restorasyonla-fresklere-ulasildi\/\" target=\"_self\"  style=\"background-image:url(https:\/\/turkarkeolojienstitusu.org\/wp-content\/uploads\/2021\/02\/fresk-300x92.jpeg);background-size: cover;\" ><\/a><div id=\"div_block-1381-26\" class=\"ct-div-block\" ><h3 id=\"headline-1386-26\" class=\"ct-headline\"><span id=\"span-1402-26\" class=\"ct-span\" ><a href='https:\/\/turkarkeolojienstitusu.org\/en\/duyurular-en\/iki-yil-suren-restorasyonla-fresklere-ulasildi\/'>Reached to frescoes after a restoration that lasted two years<\/a><\/span><\/h3><div id=\"text_block-1392-26\" class=\"ct-text-block\" ><span id=\"span-1397-26\" class=\"ct-span\" >24 January 2021<\/span><\/div><\/div><\/div><div id=\"div_block-1369-26\" class=\"ct-div-block\" ><a id=\"link-1408-26\" class=\"ct-link\" href=\"https:\/\/turkarkeolojienstitusu.org\/en\/duyurular-en\/velit-fugiat-laboriosam-quia-cumque\/\" target=\"_self\"  style=\"background-image:url(https:\/\/turkarkeolojienstitusu.org\/wp-content\/uploads\/2021\/02\/yayinlar-300x200.jpg);background-size: cover;\" ><\/a><div id=\"div_block-1381-26\" class=\"ct-div-block\" ><h3 id=\"headline-1386-26\" class=\"ct-headline\"><span id=\"span-1402-26\" class=\"ct-span\" ><a href='https:\/\/turkarkeolojienstitusu.org\/en\/duyurular-en\/velit-fugiat-laboriosam-quia-cumque\/'>Effort of the Institute and new books to be published<\/a><\/span><\/h3><div id=\"text_block-1392-26\" class=\"ct-text-block\" ><span id=\"span-1397-26\" class=\"ct-span\" >1 January 2021<\/span><\/div><\/div><\/div><div id=\"div_block-1369-26\" class=\"ct-div-block\" ><a id=\"link-1408-26\" class=\"ct-link\" href=\"https:\/\/turkarkeolojienstitusu.org\/en\/duyurular-en\/i-milli-arkeoloji-surasi-toplaniyor\/\" target=\"_self\"  style=\"background-image:url(https:\/\/turkarkeolojienstitusu.org\/wp-content\/uploads\/2021\/08\/1-300x225.jpeg);background-size: cover;\" ><\/a><div id=\"div_block-1381-26\" class=\"ct-div-block\" ><h3 id=\"headline-1386-26\" class=\"ct-headline\"><span id=\"span-1402-26\" class=\"ct-span\" ><a href='https:\/\/turkarkeolojienstitusu.org\/en\/duyurular-en\/i-milli-arkeoloji-surasi-toplaniyor\/'>I.National Archeology Council Meets<\/a><\/span><\/h3><div id=\"text_block-1392-26\" class=\"ct-text-block\" ><span id=\"span-1397-26\" class=\"ct-span\" >1 January 2021<\/span><\/div><\/div><\/div>                    \n                                            \n                                        <div class=\"oxy-repeater-pages-wrap\">\n                        <div class=\"oxy-repeater-pages\">\n                            <span aria-current=\"page\" class=\"page-numbers current\">1<\/span>\n<a class=\"page-numbers\" href=\"https:\/\/turkarkeolojienstitusu.org\/en\/wp-json\/wp\/v2\/pages\/2250\/page\/2\/\">2<\/a>\n<a class=\"next page-numbers\" href=\"https:\/\/turkarkeolojienstitusu.org\/en\/wp-json\/wp\/v2\/pages\/2250\/page\/2\/\">Next &raquo;<\/a>                        <\/div>\n                    <\/div>\n                                        \n                    <\/div><\/div><\/div><\/div><\/section><section id=\"section-1330-26\" class=\" ct-section\" ><div class=\"ct-section-inner-wrap\"><div id=\"new_columns-1331-26\" class=\"ct-new-columns\" ><div id=\"div_block-1332-26\" class=\"ct-div-block\" ><div id=\"div_block-1344-26\" class=\"ct-div-block oxel_iconlist\" ><a id=\"link-1351-26\" class=\"ct-link oxel_iconlist__row\" href=\"https:\/\/turkarkeolojienstitusu.org\/en\/arkeolojik-tur-rotalari\/\"   ><img id=\"image-1528-26\" alt=\"\" src=\"https:\/\/turkarkeolojienstitusu.org\/wp-content\/uploads\/2022\/02\/arkeolog.png\" class=\"ct-image\"\/><div id=\"text_block-1353-26\" class=\"ct-text-block oxel_iconlist__row__label\" >Archaeological Tour Routes<\/div><\/a><a id=\"link-1430-26\" class=\"ct-link oxel_iconlist__row\" href=\"https:\/\/turkarkeolojienstitusu.org\/en\/duyurular\/\"   ><img id=\"image-1486-26\" alt=\"\" src=\"https:\/\/turkarkeolojienstitusu.org\/wp-content\/uploads\/2022\/01\/Artboard-2-copy.png\" class=\"ct-image\"\/><div id=\"text_block-1432-26\" class=\"ct-text-block oxel_iconlist__row__label\" >Announcements<\/div><\/a><a id=\"link-1433-26\" class=\"ct-link oxel_iconlist__row\" href=\"https:\/\/turkarkeolojienstitusu.org\/en\/arkeoloji-ve-kultur-ekonomisi\/\"   ><img id=\"image-1487-26\" alt=\"\" src=\"https:\/\/turkarkeolojienstitusu.org\/wp-content\/uploads\/2022\/01\/Artboard-2-copy-2.png\" class=\"ct-image\"\/><div id=\"text_block-1435-26\" class=\"ct-text-block oxel_iconlist__row__label\" >Cultural Economics<\/div><\/a><a id=\"link-1348-26\" class=\"ct-link oxel_iconlist__row\" href=\"#\"   ><img id=\"image-1488-26\" alt=\"\" src=\"https:\/\/turkarkeolojienstitusu.org\/wp-content\/uploads\/2022\/01\/Artboard-2.png\" class=\"ct-image\"\/><div id=\"text_block-1350-26\" class=\"ct-text-block oxel_iconlist__row__label\" >Shop<\/div><\/a><a id=\"link-1354-26\" class=\"ct-link oxel_iconlist__row\" href=\"https:\/\/turkarkeolojienstitusu.org\/en\/yayinlar\/\"   ><img id=\"image-1490-26\" alt=\"\" src=\"https:\/\/turkarkeolojienstitusu.org\/wp-content\/uploads\/2022\/01\/Artboard-2-copy-3.png\" class=\"ct-image\"\/><div id=\"text_block-1356-26\" class=\"ct-text-block oxel_iconlist__row__label\" >Publications<\/div><\/a><a id=\"link-1345-26\" class=\"ct-link oxel_iconlist__row\" href=\"#\"   ><img id=\"image-1526-26\" alt=\"\" src=\"https:\/\/turkarkeolojienstitusu.org\/wp-content\/uploads\/2022\/02\/dergi.png\" class=\"ct-image\"\/><div id=\"text_block-1347-26\" class=\"ct-text-block oxel_iconlist__row__label\" >Journal of the Institute of Archeology and Cultural Heritage<\/div><\/a><\/div><\/div><div id=\"div_block-1343-26\" class=\"ct-div-block\" ><div id=\"video-1357-26\" class=\"ct-video\" >\n                <div class=\"oxygen-vsb-responsive-video-wrapper\"><iframe src=\"\" frameborder=\"0\" webkitallowfullscreen mozallowfullscreen allowfullscreen><\/iframe><\/div>\n                <\/div><a id=\"link-1446-26\" class=\"ct-link \" href=\"https:\/\/turkarkeolojienstitusu.org\/en\/genel-etkinlikler\/\"   ><img id=\"image-1450-26\" alt=\"\" src=\"https:\/\/turkarkeolojienstitusu.org\/wp-content\/uploads\/2021\/11\/etkinlik.jpg\" class=\"ct-image\"\/><div id=\"text_block-1448-26\" class=\"ct-text-block \" >EVENTS CALENDAR<\/div><\/a><\/div><\/div><\/div><\/section>","protected":false},"excerpt":{"rendered":"","protected":false},"author":1,"featured_media":0,"parent":0,"menu_order":0,"comment_status":"closed","ping_status":"closed","template":"","meta":{"inline_featured_image":false},"_links":{"self":[{"href":"https:\/\/turkarkeolojienstitusu.org\/en\/wp-json\/wp\/v2\/pages\/2250"}],"collection":[{"href":"https:\/\/turkarkeolojienstitusu.org\/en\/wp-json\/wp\/v2\/pages"}],"about":[{"href":"https:\/\/turkarkeolojienstitusu.org\/en\/wp-json\/wp\/v2\/types\/page"}],"author":[{"embeddable":true,"href":"https:\/\/turkarkeolojienstitusu.org\/en\/wp-json\/wp\/v2\/users\/1"}],"replies":[{"embeddable":true,"href":"https:\/\/turkarkeolojienstitusu.org\/en\/wp-json\/wp\/v2\/comments?post=2250"}],"version-history":[{"count":9,"href":"https:\/\/turkarkeolojienstitusu.org\/en\/wp-json\/wp\/v2\/pages\/2250\/revisions"}],"predecessor-version":[{"id":4167,"href":"https:\/\/turkarkeolojienstitusu.org\/en\/wp-json\/wp\/v2\/pages\/2250\/revisions\/4167"}],"wp:attachment":[{"href":"https:\/\/turkarkeolojienstitusu.org\/en\/wp-json\/wp\/v2\/media?parent=2250"}],"curies":[{"name":"wp","href":"https:\/\/api.w.org\/{rel}","templated":true}]}}