{"id":2251,"date":"2021-02-16T21:56:09","date_gmt":"2021-02-16T18:56:09","guid":{"rendered":"https:\/\/turkarkeolojienstitusu.org\/kisisel-verilerin-korunmasi-ve-islenmesi-politikasi\/"},"modified":"2021-02-16T21:56:09","modified_gmt":"2021-02-16T18:56:09","slug":"kisisel-verilerin-korunmasi-ve-islenmesi-politikasi","status":"publish","type":"page","link":"https:\/\/turkarkeolojienstitusu.org\/en\/kisisel-verilerin-korunmasi-ve-islenmesi-politikasi\/","title":{"rendered":"Ki\u015fisel Verilerin Korunmas\u0131 ve \u0130\u015flenmesi Politikas\u0131"},"content":{"rendered":"<p><strong>T\u00dcRK ARKEOLOJ\u0130 VE K\u00dcLT\u00dcREL M\u0130RAS ENST\u0130T\u00dcS\u00dc olarak, siz de\u011ferli \u00fcyelerimize ait ki\u015fisel verilerin \u00f6zel hayat\u0131n gizlili\u011fine ili\u015fkin hususlar da g\u00f6z \u00f6n\u00fcnde bulundurularak, 6698 say\u0131l\u0131 Ki\u015fisel Verilerin Korunmas\u0131 Kanunu (\u201cKVKK\u201d) uyar\u0131nca, veri sorumlusu s\u0131fat\u0131yla T\u00dcRK ARKEOLOJ\u0130 VE K\u00dcLT\u00dcREL M\u0130RAS ENST\u0130T\u00dcS\u00dc taraf\u0131ndan hangi kapsamda i\u015flenebilece\u011fi i\u015fbu ayd\u0131nlatma metni (\u201cAyd\u0131nlatma Metni\u201d) ile a\u00e7\u0131klanm\u0131\u015ft\u0131r.\u00a0<\/strong> <strong>1-Ki\u015fisel Verilerinizi Toplamam\u0131z\u0131n Y\u00f6ntemi ve Hukuki Sebebi Nedir?<\/strong> Ki\u015fisel verileriniz \u00fcyelik ba\u015fvurunuz s\u0131ras\u0131nda ve\/veya sonras\u0131nda yaz\u0131l\u0131 ve s\u00f6zl\u00fc olarak ve\/veya elektronik ortamda taraf\u0131m\u0131za iletmi\u015f oldu\u011funuz, sa\u011fl\u0131k bilgileri de dahil olmak \u00fczere \u00f6zel nitelikli ki\u015fisel verilerinizi de i\u00e7eren her t\u00fcrl\u00fc bilgi ve belgeyi ifade etmekte olup, bu bilgiler fiziki ve dijital ortamda saklanmaktad\u0131r. Ki\u015fisel verileriniz, KVKK taraf\u0131ndan \u00f6ng\u00f6r\u00fclen temel ilkelere uygun olarak, KVKK\u2019n\u0131n 5. ve 6. maddelerinde belirtilen ki\u015fisel veri i\u015fleme \u015fartlar\u0131 ve ama\u00e7lar\u0131 kapsam\u0131nda i\u015fbu Ayd\u0131nlatma Metninde belirtilen ger\u00e7ek ve t\u00fczel ki\u015filer ile a\u015fa\u011f\u0131da yer alan ama\u00e7larla yurt i\u00e7inde ve yurt d\u0131\u015f\u0131nda i\u015flenebilmekte ve aktar\u0131labilmektedir. <strong>2-<\/strong><strong>Ki\u015fisel Verilerinizi Hangi Ama\u00e7la \u0130\u015fliyoruz?<\/strong> Ki\u015fisel verileriniz,<\/p>\n<ul>\n<li>\u0130lgili her t\u00fcrl\u00fc mevzuata uygun olarak \u00fcyelik i\u015flemi aktivasyonunu sa\u011flamak,<\/li>\n<li>Yukar\u0131da belirlenen \u00e7er\u00e7evede <strong>T\u00dcRK ARKEOLOJ\u0130 VE K\u00dcLT\u00dcREL M\u0130RAS ENST\u0130T\u00dcS\u00dc <\/strong>taraf\u0131ndan tan\u0131mlanan ama\u00e7lar do\u011frultusunda faaliyetlerimizi y\u00fcr\u00fctmek,<\/li>\n<li>\u00dcyelik, davetiye, etkinliklerden yararlanma gibi olanaklar sa\u011flamak ve taraf\u0131n\u0131z\u0131n kullan\u0131m\u0131na sunmak i\u00e7in gerekli her t\u00fcrl\u00fc i\u015flemi yerine getirmek,<\/li>\n<li><strong>T\u00dcRK ARKEOLOJ\u0130 VE K\u00dcLT\u00dcREL M\u0130RAS ENST\u0130T\u00dcS\u00dc<\/strong> ve ili\u015fkili \u015firketleri\/kurulu\u015flar\u0131* ile a\u015fa\u011f\u0131da III. maddede belirtilen di\u011fer ger\u00e7ek ve\/veya t\u00fczel ki\u015filerin ama\u00e7 ve faaliyetleri kapsam\u0131nda olmak suretiyle,<\/li>\n<li>Bunlar\u0131n hizmetleri ile ilgili taraf\u0131n\u0131za bilgilendirme yapmak,<\/li>\n<li>Bunlar\u0131n faaliyet konular\u0131 ile ilgili \u00fcr\u00fcn, hizmet ve imk\u00e2nlar\u0131ndan taraf\u0131n\u0131za faydalanma imk\u00e2n\u0131 sunmak,<\/li>\n<li>Bunlar\u0131n b\u00fcnyesinde sunulacak hizmetler ve i\u00e7erikleri konusunda bilgilendirme yapabilmek,<\/li>\n<li>Bunlar\u0131n genel ve \u00f6zel kampanyalar\u0131ndan, promosyon, tan\u0131t\u0131m, indirim vs. gibi avantajlar\u0131ndan taraf\u0131n\u0131z\u0131n haberdar edilmesi, yararland\u0131r\u0131lmas\u0131, kutlama ve temenni iletimi,<\/li>\n<li>Bunlar\u0131n etkinlikleri ile ilgili i\u00e7erikler, bilet sat\u0131\u015flar\u0131 ve geli\u015fmelerden taraf\u0131n\u0131z\u0131n haberdar edilmesi,<\/li>\n<li><strong>T\u00dcRK ARKEOLOJ\u0130 VE K\u00dcLT\u00dcREL M\u0130RAS ENST\u0130T\u00dcS\u00dc<\/strong> menfaat ve politikalar\u0131 do\u011frultusunda ticari ama\u00e7larla kullanmak,<\/li>\n<li>Hizmetlerin iyile\u015ftirilmesi i\u00e7in kimli\u011fi if\u015fa edilmeden istatistiksel \u00e7al\u0131\u015fmalarda ki\u015fisel veri ve bilgileri de\u011ferlendirilerek analiz yapabilmek,<\/li>\n<li><strong>T\u00dcRK ARKEOLOJ\u0130 VE K\u00dcLT\u00dcREL M\u0130RAS ENST\u0130T\u00dcS\u00dc<\/strong>\u2019n\u00fcn sponsorlar\u0131na, destek\u00e7ilerine, i\u015f ortaklar\u0131na etkinliklerine ili\u015fkin i\u00e7erikler, olanaklar ve yeniliklerinden taraf\u0131n\u0131z\u0131 haberdar etmek,<\/li>\n<li>Taraf\u0131n\u0131z\u0131n talep edece\u011fi bilgi, etkinlik ve hizmetlerle ilgili taraf\u0131n\u0131za bilgilendirme yapmak,<\/li>\n<li>Taraf\u0131n\u0131z\u0131n kullan\u0131c\u0131 ad\u0131 ve \u015fifresini kullanarak giri\u015f yapt\u0131\u011f\u0131 mecralarda yer alan ki\u015fisel verileriniz, tercihleriniz, i\u015flemleriniz ile gezinme s\u00fcreniz ve detaylar\u0131n\u0131 elde edilen di\u011fer verilerle birlikte i\u015fleyebilmek,<\/li>\n<li>Uygulama\/aplikasyon y\u00f6netmek,<\/li>\n<li><strong>T\u00dcRK ARKEOLOJ\u0130 VE K\u00dcLT\u00dcREL M\u0130RAS ENST\u0130T\u00dcS\u00dc<\/strong> taraf\u0131ndan muhafaza edilen ki\u015fisel verilerinizin g\u00fcvenli\u011finin teminini sa\u011flamak ve bu ama\u00e7la verilerinizi muhafaza etmek \u00fczere aktarmak,<\/li>\n<li>Veri kay\u0131plar\u0131n\u0131n \u00f6nlenebilmesi i\u00e7in kopyalama\/yedekleme yapmak,<\/li>\n<li>Yasal mevzuata uygun \u015fekilde ayr\u0131ca onay al\u0131nmak sureti ile ticari elektronik ileti g\u00f6nderilebilmek,<\/li>\n<li><strong>T\u00dcRK ARKEOLOJ\u0130 VE K\u00dcLT\u00dcREL M\u0130RAS ENST\u0130T\u00dcS\u00dc<\/strong> ve ili\u015fkili \u015firketleri\/kurulu\u015flar\u0131* taraf\u0131ndan \u00e7\u0131kar\u0131lan ve\/veya \u00e7\u0131kar\u0131lacak olan her t\u00fcrl\u00fc sadakat kart ile<strong> T\u00dcRK ARKEOLOJ\u0130 VE K\u00dcLT\u00dcREL M\u0130RAS ENST\u0130T\u00dcS\u00dc <\/strong>ve ili\u015fkili \u015firketleri\/kurulu\u015flar\u0131* web sitesi \u00fcyelikleri ile ilgili bildirimleri (yenileme, sona erme vb.) yapabilmek, taraf\u0131n\u0131z ile kurulabilecek her t\u00fcrl\u00fc ileti\u015fim, yeni sunulacak hizmet ve \u00fcr\u00fcnler ile ki\u015fisel veri politikalar\u0131nda ve \u00fcyelik ko\u015fullar\u0131nda olabilecek de\u011fi\u015fiklik, yenilik vb.ni bildirmek,<\/li>\n<li>Yasal d\u00fczenlemelerin gerektirdi\u011fi veya zorunlu k\u0131ld\u0131\u011f\u0131 \u015fekilde, yasal y\u00fck\u00fcml\u00fcl\u00fcklerin yerine getirilmesini sa\u011flamak ama\u00e7lar\u0131yla ve<\/li>\n<li>KVKK\u2019da belirtilen di\u011fer ama\u00e7larla, <strong>T\u00dcRK ARKEOLOJ\u0130 VE K\u00dcLT\u00dcREL M\u0130RAS ENST\u0130T\u00dcS\u00dc<\/strong> ve ili\u015fkili \u015firketleri\/kurulu\u015flar\u0131* ile a\u015fa\u011f\u0131da III. maddede belirtilen di\u011fer ger\u00e7ek ve\/veya t\u00fczel ki\u015filer taraf\u0131ndan i\u015flenebilmektedir.<\/li>\n<\/ul>\n<p><strong>3-Ki\u015fisel Verilerinizi Kimlere ve Hangi Ama\u00e7la Aktar\u0131yoruz?<\/strong> Toplanan ki\u015fisel verileriniz, KVKK taraf\u0131ndan \u00f6ng\u00f6r\u00fclen temel ilkelere uygun olarak ve KVKK\u2019n\u0131n 8. ve 9. maddelerinde belirtilen ki\u015fisel veri i\u015fleme \u015fartlar\u0131 ve ama\u00e7lar\u0131 d\u00e2hilinde ve yukar\u0131da yer alan ama\u00e7larla, <strong>T\u00dcRK ARKEOLOJ\u0130 VE K\u00dcLT\u00dcREL M\u0130RAS ENST\u0130T\u00dcS\u00dc <\/strong>\u00e7at\u0131s\u0131 alt\u0131nda ileride kurulacak \u015firket\/kurulu\u015f ve ba\u011fl\u0131 ortakl\u0131klar da dahil olmak \u00fczere <strong>T\u00dcRK ARKEOLOJ\u0130 VE K\u00dcLT\u00dcREL M\u0130RAS ENST\u0130T\u00dcS\u00dc<\/strong> ve ili\u015fkili \u015firketleri\/kurulu\u015flar\u0131* ile bunlar\u0131n i\u015f ortaklar\u0131na, tedarik\u00e7ilerine, servis sa\u011flay\u0131c\u0131lar\u0131na, ger\u00e7ek ve\/veya t\u00fczel ki\u015fi hissedarlar\u0131na; kanunen yetkili kamu kurumlar\u0131 ve \u00f6zel ki\u015filere aktar\u0131labilmektedir. <strong>4-KVKK uyar\u0131nca T\u00dcRK ARKEOLOJ\u0130 VE K\u00dcLT\u00dcREL M\u0130RAS ENST\u0130T\u00dcS\u00dc\u2019n\u00fcn Ki\u015fisel Verilerinizi A\u00e7\u0131k R\u0131za Olmaks\u0131z\u0131n \u0130\u015fleyebilece\u011fi Haller:\u00a0<\/strong> <strong>KVKK\u2019n\u0131n 5. maddesi uyar\u0131nca, a\u015fa\u011f\u0131daki hallerde T\u00dcRK ARKEOLOJ\u0130 VE K\u00dcLT\u00dcREL M\u0130RAS ENST\u0130T\u00dcS\u00dc, a\u00e7\u0131k r\u0131zan\u0131z aranmaks\u0131z\u0131n yukar\u0131da belirtilen ve kanuna uygun olarak alm\u0131\u015f oldu\u011fu ki\u015fisel verilerinizi i\u015fleyebilir:\u00a0<\/strong><\/p>\n<ul>\n<li>Kanunlarda a\u00e7\u0131k\u00e7a \u00f6ng\u00f6r\u00fcld\u00fc\u011f\u00fc hallerde,<\/li>\n<li>Fiili imk\u00e2ns\u0131zl\u0131k nedeniyle veri sahibi olarak r\u0131zan\u0131z\u0131 a\u00e7\u0131klayamayacak durumda olman\u0131z veya r\u0131zan\u0131za hukuki ge\u00e7erlilik tan\u0131nmayan hallerde kendinizin ya da bir ba\u015fkas\u0131n\u0131n hayat\u0131 veya beden b\u00fct\u00fcnl\u00fc\u011f\u00fcn\u00fcn korunmas\u0131 i\u00e7in ki\u015fisel verinizin i\u015flenmesinin zorunlu olmas\u0131,<\/li>\n<li><strong>T\u00dcRK ARKEOLOJ\u0130 VE K\u00dcLT\u00dcREL M\u0130RAS ENST\u0130T\u00dcS\u00dc<\/strong> ve ili\u015fkili \u015firketleri\/kurulu\u015flar\u0131* ile akdetti\u011finiz bir s\u00f6zle\u015fmenin kurulmas\u0131 veya ifas\u0131yla do\u011frudan do\u011fruya ilgili olmas\u0131 kayd\u0131yla, s\u00f6zle\u015fmenin taraflar\u0131na ait ki\u015fisel verilerin i\u015flenmesinin gerekli olmas\u0131,<\/li>\n<li><strong>T\u00dcRK ARKEOLOJ\u0130 VE K\u00dcLT\u00dcREL M\u0130RAS ENST\u0130T\u00dcS\u00dc<\/strong>\u2019n\u00fcn bir hukuki y\u00fck\u00fcml\u00fcl\u00fc\u011f\u00fcn\u00fc yerine getirebilmesi i\u00e7in zorunlu olmas\u0131,<\/li>\n<li>Ki\u015fisel verinizin taraf\u0131n\u0131zca alenile\u015ftirilmi\u015f olmas\u0131,<\/li>\n<li>Bir hakk\u0131n tesisi, kullan\u0131lmas\u0131 veya korunmas\u0131 i\u00e7in veri i\u015flemenin zorunlu olmas\u0131, ve<\/li>\n<li>Sahip oldu\u011funuz temel hak ve \u00f6zg\u00fcrl\u00fcklerinize zarar vermemek kayd\u0131yla, <strong>T\u00dcRK ARKEOLOJ\u0130 VE K\u00dcLT\u00dcREL M\u0130RAS ENST\u0130T\u00dcS\u00dc<\/strong>\u2019n\u00fcn me\u015fru menfaatleri i\u00e7in veri i\u015flenmesinin zorunlu olmas\u0131.<\/li>\n<\/ul>\n<p><strong>5-Veri Sahibi Olarak KVKK\u2019n\u0131n 11. Maddesinde Say\u0131lan Haklar\u0131n\u0131z Nelerdir?\u00a0<\/strong> <strong>Ki\u015fisel veri sahibi olarak,\u00a0<\/strong><\/p>\n<ul>\n<li>Ki\u015fisel verilerinizin i\u015flenip i\u015flenmedi\u011fini \u00f6\u011frenme,<\/li>\n<li>Ki\u015fisel verileriniz i\u015flenmi\u015fse buna ili\u015fkin bilgi talep etme,<\/li>\n<li>Ki\u015fisel verilerinizin i\u015flenme amac\u0131n\u0131 ve bunlar\u0131n amac\u0131na uygun kullan\u0131l\u0131p kullan\u0131lmad\u0131\u011f\u0131n\u0131 \u00f6\u011frenme,<\/li>\n<li>Yurt i\u00e7inde veya yurt d\u0131\u015f\u0131nda ki\u015fisel verilerinizin aktar\u0131ld\u0131\u011f\u0131 \u00fc\u00e7\u00fcnc\u00fc ki\u015fileri bilme,<\/li>\n<li>Ki\u015fisel verilerinizin eksik veya yanl\u0131\u015f i\u015flenmi\u015f olmas\u0131 h\u00e2linde bunlar\u0131n d\u00fczeltilmesini isteme ve bu kapsamda yap\u0131lan i\u015flemin ki\u015fisel verilerinizin aktar\u0131ld\u0131\u011f\u0131 \u00fc\u00e7\u00fcnc\u00fc ki\u015filere bildirilmesini isteme,<\/li>\n<li>KVKK ve ilgili di\u011fer kanun h\u00fck\u00fcmlerine uygun olarak i\u015flenmi\u015f olmas\u0131na ra\u011fmen, i\u015flenmesini gerektiren sebeplerin ortadan kalkmas\u0131 h\u00e2linde ki\u015fisel verilerinizin silinmesini veya yok edilmesini isteme ve bu kapsamda yap\u0131lan i\u015flemin ki\u015fisel verilerinizin aktar\u0131ld\u0131\u011f\u0131 \u00fc\u00e7\u00fcnc\u00fc ki\u015filere bildirilmesini isteme,<\/li>\n<li>\u0130\u015flenen verilerinizin m\u00fcnhas\u0131ran otomatik sistemler vas\u0131tas\u0131yla analiz edilmesi suretiyle ki\u015finin kendisi aleyhine bir sonucun ortaya \u00e7\u0131kmas\u0131na itiraz etme,<\/li>\n<li>Ki\u015fisel verilerinizin kanuna ayk\u0131r\u0131 olarak i\u015flenmesi sebebiyle zarara u\u011framas\u0131 h\u00e2linde zarar\u0131n\u0131z\u0131n giderilmesini talep etme, haklar\u0131na sahipsiniz.<\/li>\n<\/ul>\n<p><strong>6-Ki\u015fisel Verileriniz Ne S\u00fcreyle \u0130\u015flenecektir?<\/strong> KVKK\u2019ya uygun olarak, i\u015fbu Ayd\u0131nlatma Metninde belirtilen ama\u00e7larla i\u015flenmi\u015f olan ki\u015fisel verileriniz, KVKK 7. maddesinin 1. f\u0131kras\u0131na g\u00f6re i\u015flenmesini gerektiren ama\u00e7 ortadan kalkt\u0131\u011f\u0131nda ve\/veya mevzuat uyar\u0131nca <strong>T\u00dcRK ARKEOLOJ\u0130 VE K\u00dcLT\u00dcREL M\u0130RAS ENST\u0130T\u00dcS\u00dc<\/strong> olarak verilerinizi i\u015flememiz i\u00e7in zorunlu k\u0131l\u0131nd\u0131\u011f\u0131m\u0131z zamana\u015f\u0131m\u0131 s\u00fcreleri doldu\u011funda taraf\u0131m\u0131zca silinecek, yok edilecek veya anonimle\u015ftirerek kullan\u0131lmaya devam edilecektir. VIII. KVKK\u2019n\u0131n Y\u00fcr\u00fcrl\u00fck Tarihinden \u00d6nce Al\u0131nan Ki\u015fisel Verileriniz KVKK\u2019n\u0131n y\u00fcr\u00fcrl\u00fck tarihi olan 7 Nisan 2016 tarihinden \u00f6nce kurulmu\u015f bulunan \u00fcyelik ili\u015fkisi ve di\u011fer \u015fekillerde hukuka uygun olarak elde edilmi\u015f olan ki\u015fisel verileriniz, i\u015fbu Ayd\u0131nlatma Metninde ve KVKK\u2019da d\u00fczenlenen \u015fart ve ko\u015fullara uygun olarak i\u015flenebilecek ve muhafaza edilebilecek olup T\u00fcrkiye\u2019de i\u015flenerek veya T\u00fcrkiye d\u0131\u015f\u0131nda i\u015flenip muhafaza edilmek \u00fczere yurt d\u0131\u015f\u0131na da aktar\u0131labilecektir.<\/p>\n","protected":false},"excerpt":{"rendered":"<p>T\u00dcRK ARKEOLOJ\u0130 VE K\u00dcLT\u00dcREL M\u0130RAS ENST\u0130T\u00dcS\u00dc olarak, siz de\u011ferli \u00fcyelerimize [&hellip;]<\/p>\n","protected":false},"author":1,"featured_media":0,"parent":0,"menu_order":0,"comment_status":"closed","ping_status":"closed","template":"","meta":{"inline_featured_image":false},"_links":{"self":[{"href":"https:\/\/turkarkeolojienstitusu.org\/en\/wp-json\/wp\/v2\/pages\/2251"}],"collection":[{"href":"https:\/\/turkarkeolojienstitusu.org\/en\/wp-json\/wp\/v2\/pages"}],"about":[{"href":"https:\/\/turkarkeolojienstitusu.org\/en\/wp-json\/wp\/v2\/types\/page"}],"author":[{"embeddable":true,"href":"https:\/\/turkarkeolojienstitusu.org\/en\/wp-json\/wp\/v2\/users\/1"}],"replies":[{"embeddable":true,"href":"https:\/\/turkarkeolojienstitusu.org\/en\/wp-json\/wp\/v2\/comments?post=2251"}],"version-history":[{"count":0,"href":"https:\/\/turkarkeolojienstitusu.org\/en\/wp-json\/wp\/v2\/pages\/2251\/revisions"}],"wp:attachment":[{"href":"https:\/\/turkarkeolojienstitusu.org\/en\/wp-json\/wp\/v2\/media?parent=2251"}],"curies":[{"name":"wp","href":"https:\/\/api.w.org\/{rel}","templated":true}]}}